{"id":4776,"date":"2025-03-18T12:05:17","date_gmt":"2025-03-18T16:05:17","guid":{"rendered":"https:\/\/oxilio.com\/?page_id=4776"},"modified":"2025-06-02T11:56:04","modified_gmt":"2025-06-02T15:56:04","slug":"politique-temoins","status":"publish","type":"page","link":"https:\/\/oxilio.com\/fr\/politique-temoins\/","title":{"rendered":"Politique sur les t\u00e9moins"},"content":{"rendered":"\t\t<div data-elementor-type=\"wp-page\" data-elementor-id=\"4776\" class=\"elementor elementor-4776\" data-elementor-post-type=\"page\">\n\t\t\t\t<div class=\"elementor-element elementor-element-7f4c798 e-con-full e-flex e-con e-parent\" data-id=\"7f4c798\" data-element_type=\"container\" data-e-type=\"container\" data-settings=\"{&quot;background_background&quot;:&quot;classic&quot;}\">\n\t\t<div class=\"elementor-element elementor-element-258b40a ssn-section ssn-hero e-con-full e-flex elementor-invisible e-con e-child\" data-id=\"258b40a\" data-element_type=\"container\" data-e-type=\"container\" data-settings=\"{&quot;background_background&quot;:&quot;gradient&quot;,&quot;background_motion_fx_motion_fx_scrolling&quot;:&quot;yes&quot;,&quot;background_motion_fx_scale_effect&quot;:&quot;yes&quot;,&quot;background_motion_fx_scale_speed&quot;:{&quot;unit&quot;:&quot;px&quot;,&quot;size&quot;:1,&quot;sizes&quot;:[]},&quot;animation&quot;:&quot;fadeIn&quot;,&quot;background_motion_fx_scale_direction&quot;:&quot;out-in&quot;,&quot;background_motion_fx_scale_range&quot;:{&quot;unit&quot;:&quot;%&quot;,&quot;size&quot;:&quot;&quot;,&quot;sizes&quot;:{&quot;start&quot;:20,&quot;end&quot;:80}},&quot;background_motion_fx_devices&quot;:[&quot;widescreen&quot;,&quot;desktop&quot;,&quot;laptop&quot;,&quot;tablet_extra&quot;,&quot;tablet&quot;,&quot;mobile&quot;]}\">\n\t\t<div class=\"elementor-element elementor-element-7f63704 animated-fast e-flex e-con-boxed elementor-invisible e-con e-child\" data-id=\"7f63704\" data-element_type=\"container\" data-e-type=\"container\" data-settings=\"{&quot;motion_fx_motion_fx_scrolling&quot;:&quot;yes&quot;,&quot;motion_fx_translateY_effect&quot;:&quot;yes&quot;,&quot;motion_fx_translateY_speed&quot;:{&quot;unit&quot;:&quot;px&quot;,&quot;size&quot;:1.2,&quot;sizes&quot;:[]},&quot;animation&quot;:&quot;fadeIn&quot;,&quot;motion_fx_translateY_affectedRange&quot;:{&quot;unit&quot;:&quot;%&quot;,&quot;size&quot;:&quot;&quot;,&quot;sizes&quot;:{&quot;start&quot;:0,&quot;end&quot;:100}},&quot;motion_fx_devices&quot;:[&quot;widescreen&quot;,&quot;desktop&quot;,&quot;laptop&quot;,&quot;tablet_extra&quot;,&quot;tablet&quot;,&quot;mobile&quot;]}\">\n\t\t\t\t\t<div class=\"e-con-inner\">\n\t\t\t\t<div class=\"elementor-element elementor-element-68d9e86 elementor-widget elementor-widget-breadcrumbs\" data-id=\"68d9e86\" data-element_type=\"widget\" data-e-type=\"widget\" data-widget_type=\"breadcrumbs.default\">\n\t\t\t\t<div class=\"elementor-widget-container\">\n\t\t\t\t\t<p id=\"breadcrumbs\"><span><span><a href=\"https:\/\/oxilio.com\/fr\/\">Accueil<\/a><\/span><\/span><\/p>\t\t\t\t<\/div>\n\t\t\t\t<\/div>\n\t\t\t\t\t<\/div>\n\t\t\t\t<\/div>\n\t\t<div class=\"elementor-element elementor-element-99a2451 e-flex e-con-boxed e-con e-child\" data-id=\"99a2451\" data-element_type=\"container\" data-e-type=\"container\" data-settings=\"{&quot;motion_fx_motion_fx_scrolling&quot;:&quot;yes&quot;,&quot;motion_fx_translateY_effect&quot;:&quot;yes&quot;,&quot;motion_fx_translateY_speed&quot;:{&quot;unit&quot;:&quot;px&quot;,&quot;size&quot;:1.2,&quot;sizes&quot;:[]},&quot;motion_fx_translateY_affectedRange&quot;:{&quot;unit&quot;:&quot;%&quot;,&quot;size&quot;:&quot;&quot;,&quot;sizes&quot;:{&quot;start&quot;:0,&quot;end&quot;:100}},&quot;motion_fx_devices&quot;:[&quot;widescreen&quot;,&quot;desktop&quot;,&quot;laptop&quot;,&quot;tablet_extra&quot;,&quot;tablet&quot;,&quot;mobile&quot;]}\">\n\t\t\t\t\t<div class=\"e-con-inner\">\n\t\t\t\t<div class=\"elementor-element elementor-element-a3bc46a animated-fast elementor-widget__width-initial elementor-invisible elementor-widget elementor-widget-heading\" data-id=\"a3bc46a\" data-element_type=\"widget\" data-e-type=\"widget\" data-settings=\"{&quot;_animation&quot;:&quot;fadeInUp&quot;,&quot;_animation_delay&quot;:150}\" data-widget_type=\"heading.default\">\n\t\t\t\t<div class=\"elementor-widget-container\">\n\t\t\t\t\t<h1 class=\"elementor-heading-title elementor-size-default\">Politique sur les t\u00e9moins<\/h1>\t\t\t\t<\/div>\n\t\t\t\t<\/div>\n\t\t\t\t\t<\/div>\n\t\t\t\t<\/div>\n\t\t\t\t<\/div>\n\t\t\t\t<\/div>\n\t\t<div class=\"elementor-element elementor-element-fca9f66 e-con-full e-flex e-con e-parent\" data-id=\"fca9f66\" data-element_type=\"container\" data-e-type=\"container\">\n\t\t<div class=\"elementor-element elementor-element-d917f3c e-flex e-con-boxed e-con e-child\" data-id=\"d917f3c\" data-element_type=\"container\" data-e-type=\"container\">\n\t\t\t\t\t<div class=\"e-con-inner\">\n\t\t<div class=\"elementor-element elementor-element-2b1a861 e-con-full e-flex e-con e-child\" data-id=\"2b1a861\" data-element_type=\"container\" data-e-type=\"container\">\n\t\t\t\t<div class=\"elementor-element elementor-element-68f837a elementor-widget elementor-widget-heading\" data-id=\"68f837a\" data-element_type=\"widget\" data-e-type=\"widget\" data-widget_type=\"heading.default\">\n\t\t\t\t<div class=\"elementor-widget-container\">\n\t\t\t\t\t<span class=\"elementor-heading-title elementor-size-default\">Date d\u2019entr\u00e9e en vigueur : 21-Sep-2023<\/span>\t\t\t\t<\/div>\n\t\t\t\t<\/div>\n\t\t\t\t<div class=\"elementor-element elementor-element-cc0b154 elementor-widget elementor-widget-heading\" data-id=\"cc0b154\" data-element_type=\"widget\" data-e-type=\"widget\" data-widget_type=\"heading.default\">\n\t\t\t\t<div class=\"elementor-widget-container\">\n\t\t\t\t\t<span class=\"elementor-heading-title elementor-size-default\">Derni\u00e8re mise \u00e0 jour : 27-Oct-2023<\/span>\t\t\t\t<\/div>\n\t\t\t\t<\/div>\n\t\t\t\t<div class=\"elementor-element elementor-element-db17194 elementor-widget elementor-widget-text-editor\" data-id=\"db17194\" data-element_type=\"widget\" data-e-type=\"widget\" data-widget_type=\"text-editor.default\">\n\t\t\t\t<div class=\"elementor-widget-container\">\n\t\t\t\t\t\t\t\t\t<p><strong>Qu\u2019est-ce que les cookies ?<\/strong><\/p><p>Cette politique concernant les cookies explique ce que sont les cookies et comment nous les utilisons, les types de cookies que nous utilisons, c\u2019est-\u00e0-dire les informations que nous collectons \u00e0 l\u2019aide des cookies et comment ces informations sont utilis\u00e9es, et comment g\u00e9rer les param\u00e8tres des cookies.<\/p><p>Les cookies sont de petits fichiers texte qui sont utilis\u00e9s pour stocker de petites pi\u00e8ces d\u2019information. Ils sont stock\u00e9s sur votre appareil lorsque le site web est charg\u00e9 sur votre navigateur. Ces cookies nous aident \u00e0 faire fonctionner le site web correctement, \u00e0 le rendre plus s\u00fbr, \u00e0 offrir une meilleure exp\u00e9rience utilisateur et \u00e0 comprendre comment le site web fonctionne et \u00e0 analyser ce qui fonctionne et les domaines qui n\u00e9cessitent une am\u00e9lioration.<\/p><p><strong>\u00a0<\/strong><\/p><p><strong>Comment utilisons-nous les cookies ?<\/strong><\/p><p>Comme la plupart des services en ligne, notre site web utilise des cookies propres et des cookies tiers \u00e0 plusieurs fins. Les cookies propres sont principalement n\u00e9cessaires au bon fonctionnement du site web, et ils ne collectent aucune de vos donn\u00e9es personnelles identifiables.<\/p><p>Les cookies tiers utilis\u00e9s sur notre site web servent principalement \u00e0 comprendre comment le site web fonctionne, comment vous interagissez avec notre site web, \u00e0 s\u00e9curiser nos services, \u00e0 fournir des publicit\u00e9s qui vous sont pertinentes et, dans l\u2019ensemble, \u00e0 vous offrir une meilleure exp\u00e9rience utilisateur et \u00e0 acc\u00e9l\u00e9rer vos futures interactions avec notre site web.<\/p><p><strong>\u00a0<\/strong><\/p><h5><strong>Types de cookies que nous utilisons<\/strong><\/h5><p><strong>T\u00e9moins strictement n\u00e9cessaires :<\/strong><\/p><ul><li>_GRECAPTCHA (www.google.com) : T\u00e9moin de tiers, expiration 6 mois. Utilis\u00e9 par Google reCAPTCHA pour fournir une analyse de risque.<\/li><\/ul><p><b>\u00a0<\/b><\/p><p><strong>T\u00e9moins de performance :<\/strong><\/p><ul><li>_ga_5R0MYND7B4 (.oxilio.com) : T\u00e9moin de premi\u00e8re partie, expiration 1 an 1 mois. Utilis\u00e9 par Google Analytics pour maintenir l\u2019\u00e9tat de la session.<\/li><li>_gid (.oxilio.com) : T\u00e9moin de premi\u00e8re partie, expiration 1 jour. Utilis\u00e9 par Google Analytics pour stocker et mettre \u00e0 jour une valeur unique pour chaque page visit\u00e9e.<\/li><li>_gat (.oxilio.com) : T\u00e9moin de premi\u00e8re partie, expiration 60 secondes. Associ\u00e9 \u00e0 Google Universal Analytics, utilis\u00e9 pour limiter la fr\u00e9quence des requ\u00eates.<\/li><li>_ga (.oxilio.com) : T\u00e9moin de premi\u00e8re partie, expiration 1 an 1 mois. Utilis\u00e9 par Google Universal Analytics pour distinguer les utilisateurs uniques.<\/li><\/ul><p>\u00a0<\/p><p><strong>T\u00e9moins non classifi\u00e9s :<\/strong><\/p><ul><li>cookieyes-consent (oxilio.com) : T\u00e9moin de premi\u00e8re partie, expiration 6 mois.<\/li><li>LS_CSRF_TOKEN (salesiq.zohopublic.com) : T\u00e9moin de tiers, expiration \u00e0 la fin de la session.<\/li><li>solutionsoxilioinc85-_zldp (.oxilio.com) : T\u00e9moin de premi\u00e8re partie, expiration 1 an 1 mois.<\/li><li>solutionsoxilioinc85-_zldt (.oxilio.com) : T\u00e9moin de premi\u00e8re partie, expiration 1 jour.<\/li><li>uesign (salesiq.zohopublic.com) : T\u00e9moin de tiers, expiration 1 mois.<\/li><\/ul>\t\t\t\t\t\t\t\t<\/div>\n\t\t\t\t<\/div>\n\t\t\t\t<div class=\"elementor-element elementor-element-92fa142 elementor-widget elementor-widget-heading\" data-id=\"92fa142\" data-element_type=\"widget\" data-e-type=\"widget\" data-widget_type=\"heading.default\">\n\t\t\t\t<div class=\"elementor-widget-container\">\n\t\t\t\t\t<h5 class=\"elementor-heading-title elementor-size-default\">G\u00e9rer les pr\u00e9f\u00e9rences des t\u00e9moins<\/h5>\t\t\t\t<\/div>\n\t\t\t\t<\/div>\n\t\t\t\t<div class=\"elementor-element elementor-element-7a5f034 cookie-consent__show-preferences elementor-widget elementor-widget-button\" data-id=\"7a5f034\" data-element_type=\"widget\" data-e-type=\"widget\" data-widget_type=\"button.default\">\n\t\t\t\t<div class=\"elementor-widget-container\">\n\t\t\t\t\t\t\t\t\t<div class=\"elementor-button-wrapper\">\n\t\t\t\t\t<a class=\"elementor-button elementor-button-link elementor-size-sm\" href=\"#\">\n\t\t\t\t\t\t<span class=\"elementor-button-content-wrapper\">\n\t\t\t\t\t\t\t\t\t<span class=\"elementor-button-text\">Pr\u00e9f\u00e9rences t\u00e9moins<\/span>\n\t\t\t\t\t<\/span>\n\t\t\t\t\t<\/a>\n\t\t\t\t<\/div>\n\t\t\t\t\t\t\t\t<\/div>\n\t\t\t\t<\/div>\n\t\t\t\t<div class=\"elementor-element elementor-element-0d947c1 elementor-widget elementor-widget-text-editor\" data-id=\"0d947c1\" data-element_type=\"widget\" data-e-type=\"widget\" data-widget_type=\"text-editor.default\">\n\t\t\t\t<div class=\"elementor-widget-container\">\n\t\t\t\t\t\t\t\t\t<p>Vous pouvez modifier vos pr\u00e9f\u00e9rences en mati\u00e8re de cookies \u00e0 tout moment en cliquant sur le bouton ci-dessus. Cela vous permettra de revoir la banni\u00e8re de consentement aux cookies et de modifier vos pr\u00e9f\u00e9rences ou de retirer votre consentement imm\u00e9diatement.<\/p><p>En outre, diff\u00e9rents navigateurs offrent diff\u00e9rentes m\u00e9thodes pour bloquer et supprimer les cookies utilis\u00e9s par les sites web. Vous pouvez modifier les param\u00e8tres de votre navigateur pour bloquer\/supprimer les cookies. Vous trouverez ci-dessous les liens vers les documents d\u2019aide pour g\u00e9rer et supprimer les cookies des principaux navigateurs web.<\/p><ul><li><a href=\"https:\/\/support.google.com\/accounts\/answer\/32050\" target=\"_blank\" rel=\"noopener\">Chrome<\/a><\/li><li><a href=\"https:\/\/support.apple.com\/fr-ca\/guide\/safari\/sfri11471\/mac\" target=\"_blank\" rel=\"noopener\">Safari<\/a><\/li><li><a href=\"https:\/\/support.mozilla.org\/fr\/kb\/supprimer-les-cookies-pour-supprimer-les-info-sites\" target=\"_blank\" rel=\"noopener\">Firefox<\/a><\/li><li><a href=\"https:\/\/support.microsoft.com\/fr-fr\/microsoft-edge\/supprimer-les-cookies-dans-microsoft-edge-63947406-40ac-c3b8-57b9-2a946a29ae09\" target=\"_blank\" rel=\"noopener\">Edge<\/a><\/li><\/ul><p>\u00a0<\/p><p>Si vous utilisez un autre navigateur web, veuillez consulter les documents d\u2019aide officiels de votre navigateur.<\/p>\t\t\t\t\t\t\t\t<\/div>\n\t\t\t\t<\/div>\n\t\t\t\t<\/div>\n\t\t\t\t\t<\/div>\n\t\t\t\t<\/div>\n\t\t\t\t<\/div>\n\t\t\t\t<\/div>\n\t\t","protected":false},"excerpt":{"rendered":"<p>Date d\u2019entr\u00e9e en vigueur : 21-Sep-2023 Derni\u00e8re mise \u00e0 jour : 27-Oct-2023 Qu\u2019est-ce que les cookies ? Cette politique concernant les cookies explique ce que sont les cookies et comment nous les utilisons, les types de cookies que nous utilisons, c\u2019est-\u00e0-dire les informations que nous collectons \u00e0 l\u2019aide des cookies et comment ces informations sont [&hellip;]<\/p>\n","protected":false},"author":2,"featured_media":0,"parent":0,"menu_order":15,"comment_status":"closed","ping_status":"closed","template":"","meta":{"_acf_changed":false,"footnotes":""},"class_list":["post-4776","page","type-page","status-publish","hentry"],"acf":[],"yoast_head":"<!-- This site is optimized with the Yoast SEO plugin v27.4 - https:\/\/yoast.com\/product\/yoast-seo-wordpress\/ -->\n<title>Politique sur les t\u00e9moins | Oxilio<\/title>\n<meta name=\"description\" content=\"D\u00e9couvrez comment nous utilisons les t\u00e9moins (cookies) sur Oxilio et comment vous pouvez g\u00e9rer vos pr\u00e9f\u00e9rences de navigation pour une exp\u00e9rience en ligne optimis\u00e9e.\" \/>\n<meta name=\"robots\" content=\"index, follow, max-snippet:-1, max-image-preview:large, max-video-preview:-1\" \/>\n<link rel=\"canonical\" href=\"https:\/\/oxilio.com\/fr\/politique-temoins\/\" \/>\n<meta property=\"og:locale\" content=\"fr_CA\" \/>\n<meta property=\"og:type\" content=\"article\" \/>\n<meta property=\"og:title\" content=\"Politique sur les t\u00e9moins | Oxilio\" \/>\n<meta property=\"og:description\" content=\"D\u00e9couvrez comment nous utilisons les t\u00e9moins (cookies) sur Oxilio et comment vous pouvez g\u00e9rer vos pr\u00e9f\u00e9rences de navigation pour une exp\u00e9rience en ligne optimis\u00e9e.\" \/>\n<meta property=\"og:url\" content=\"https:\/\/oxilio.com\/fr\/politique-temoins\/\" \/>\n<meta property=\"og:site_name\" content=\"Oxilio\" \/>\n<meta property=\"article:modified_time\" content=\"2025-06-02T15:56:04+00:00\" \/>\n<meta name=\"twitter:card\" content=\"summary_large_image\" \/>\n<meta name=\"twitter:site\" content=\"@oxilio\" \/>\n<script type=\"application\/ld+json\" class=\"yoast-schema-graph\">{\"@context\":\"https:\\\/\\\/schema.org\",\"@graph\":[{\"@type\":\"WebPage\",\"@id\":\"https:\\\/\\\/oxilio.com\\\/fr\\\/politique-temoins\\\/\",\"url\":\"https:\\\/\\\/oxilio.com\\\/fr\\\/politique-temoins\\\/\",\"name\":\"Politique sur les t\u00e9moins | Oxilio\",\"isPartOf\":{\"@id\":\"https:\\\/\\\/oxilio.com\\\/fr\\\/#website\"},\"datePublished\":\"2025-03-18T16:05:17+00:00\",\"dateModified\":\"2025-06-02T15:56:04+00:00\",\"description\":\"D\u00e9couvrez comment nous utilisons les t\u00e9moins (cookies) sur Oxilio et comment vous pouvez g\u00e9rer vos pr\u00e9f\u00e9rences de navigation pour une exp\u00e9rience en ligne optimis\u00e9e.\",\"breadcrumb\":{\"@id\":\"https:\\\/\\\/oxilio.com\\\/fr\\\/politique-temoins\\\/#breadcrumb\"},\"inLanguage\":\"fr-CA\",\"potentialAction\":[{\"@type\":\"ReadAction\",\"target\":[\"https:\\\/\\\/oxilio.com\\\/fr\\\/politique-temoins\\\/\"]}]},{\"@type\":\"BreadcrumbList\",\"@id\":\"https:\\\/\\\/oxilio.com\\\/fr\\\/politique-temoins\\\/#breadcrumb\",\"itemListElement\":[{\"@type\":\"ListItem\",\"position\":1,\"name\":\"Accueil\",\"item\":\"https:\\\/\\\/oxilio.com\\\/fr\\\/\"},{\"@type\":\"ListItem\",\"position\":2,\"name\":\"Politique sur les t\u00e9moins\"}]},{\"@type\":\"WebSite\",\"@id\":\"https:\\\/\\\/oxilio.com\\\/fr\\\/#website\",\"url\":\"https:\\\/\\\/oxilio.com\\\/fr\\\/\",\"name\":\"Oxilio\",\"description\":\"Experts en solutions cloud et enregistrement pour la conformit\u00e9\",\"publisher\":{\"@id\":\"https:\\\/\\\/oxilio.com\\\/fr\\\/#organization\"},\"potentialAction\":[{\"@type\":\"SearchAction\",\"target\":{\"@type\":\"EntryPoint\",\"urlTemplate\":\"https:\\\/\\\/oxilio.com\\\/fr\\\/?s={search_term_string}\"},\"query-input\":{\"@type\":\"PropertyValueSpecification\",\"valueRequired\":true,\"valueName\":\"search_term_string\"}}],\"inLanguage\":\"fr-CA\"},{\"@type\":\"Organization\",\"@id\":\"https:\\\/\\\/oxilio.com\\\/fr\\\/#organization\",\"name\":\"Oxilio\",\"url\":\"https:\\\/\\\/oxilio.com\\\/fr\\\/\",\"logo\":{\"@type\":\"ImageObject\",\"inLanguage\":\"fr-CA\",\"@id\":\"https:\\\/\\\/oxilio.com\\\/fr\\\/#\\\/schema\\\/logo\\\/image\\\/\",\"url\":\"https:\\\/\\\/oxilio.com\\\/wp-content\\\/uploads\\\/2024\\\/07\\\/logo-oxilio.svg\",\"contentUrl\":\"https:\\\/\\\/oxilio.com\\\/wp-content\\\/uploads\\\/2024\\\/07\\\/logo-oxilio.svg\",\"width\":135,\"height\":48,\"caption\":\"Oxilio\"},\"image\":{\"@id\":\"https:\\\/\\\/oxilio.com\\\/fr\\\/#\\\/schema\\\/logo\\\/image\\\/\"},\"sameAs\":[\"https:\\\/\\\/x.com\\\/oxilio\",\"https:\\\/\\\/www.linkedin.com\\\/company\\\/solutions-oxilio\\\/\"]}]}<\/script>\n<!-- \/ Yoast SEO plugin. -->","yoast_head_json":{"title":"Politique sur les t\u00e9moins | Oxilio","description":"D\u00e9couvrez comment nous utilisons les t\u00e9moins (cookies) sur Oxilio et comment vous pouvez g\u00e9rer vos pr\u00e9f\u00e9rences de navigation pour une exp\u00e9rience en ligne optimis\u00e9e.","robots":{"index":"index","follow":"follow","max-snippet":"max-snippet:-1","max-image-preview":"max-image-preview:large","max-video-preview":"max-video-preview:-1"},"canonical":"https:\/\/oxilio.com\/fr\/politique-temoins\/","og_locale":"fr_CA","og_type":"article","og_title":"Politique sur les t\u00e9moins | Oxilio","og_description":"D\u00e9couvrez comment nous utilisons les t\u00e9moins (cookies) sur Oxilio et comment vous pouvez g\u00e9rer vos pr\u00e9f\u00e9rences de navigation pour une exp\u00e9rience en ligne optimis\u00e9e.","og_url":"https:\/\/oxilio.com\/fr\/politique-temoins\/","og_site_name":"Oxilio","article_modified_time":"2025-06-02T15:56:04+00:00","twitter_card":"summary_large_image","twitter_site":"@oxilio","schema":{"@context":"https:\/\/schema.org","@graph":[{"@type":"WebPage","@id":"https:\/\/oxilio.com\/fr\/politique-temoins\/","url":"https:\/\/oxilio.com\/fr\/politique-temoins\/","name":"Politique sur les t\u00e9moins | Oxilio","isPartOf":{"@id":"https:\/\/oxilio.com\/fr\/#website"},"datePublished":"2025-03-18T16:05:17+00:00","dateModified":"2025-06-02T15:56:04+00:00","description":"D\u00e9couvrez comment nous utilisons les t\u00e9moins (cookies) sur Oxilio et comment vous pouvez g\u00e9rer vos pr\u00e9f\u00e9rences de navigation pour une exp\u00e9rience en ligne optimis\u00e9e.","breadcrumb":{"@id":"https:\/\/oxilio.com\/fr\/politique-temoins\/#breadcrumb"},"inLanguage":"fr-CA","potentialAction":[{"@type":"ReadAction","target":["https:\/\/oxilio.com\/fr\/politique-temoins\/"]}]},{"@type":"BreadcrumbList","@id":"https:\/\/oxilio.com\/fr\/politique-temoins\/#breadcrumb","itemListElement":[{"@type":"ListItem","position":1,"name":"Accueil","item":"https:\/\/oxilio.com\/fr\/"},{"@type":"ListItem","position":2,"name":"Politique sur les t\u00e9moins"}]},{"@type":"WebSite","@id":"https:\/\/oxilio.com\/fr\/#website","url":"https:\/\/oxilio.com\/fr\/","name":"Oxilio","description":"Experts en solutions cloud et enregistrement pour la conformit\u00e9","publisher":{"@id":"https:\/\/oxilio.com\/fr\/#organization"},"potentialAction":[{"@type":"SearchAction","target":{"@type":"EntryPoint","urlTemplate":"https:\/\/oxilio.com\/fr\/?s={search_term_string}"},"query-input":{"@type":"PropertyValueSpecification","valueRequired":true,"valueName":"search_term_string"}}],"inLanguage":"fr-CA"},{"@type":"Organization","@id":"https:\/\/oxilio.com\/fr\/#organization","name":"Oxilio","url":"https:\/\/oxilio.com\/fr\/","logo":{"@type":"ImageObject","inLanguage":"fr-CA","@id":"https:\/\/oxilio.com\/fr\/#\/schema\/logo\/image\/","url":"https:\/\/oxilio.com\/wp-content\/uploads\/2024\/07\/logo-oxilio.svg","contentUrl":"https:\/\/oxilio.com\/wp-content\/uploads\/2024\/07\/logo-oxilio.svg","width":135,"height":48,"caption":"Oxilio"},"image":{"@id":"https:\/\/oxilio.com\/fr\/#\/schema\/logo\/image\/"},"sameAs":["https:\/\/x.com\/oxilio","https:\/\/www.linkedin.com\/company\/solutions-oxilio\/"]}]}},"_links":{"self":[{"href":"https:\/\/oxilio.com\/fr\/wp-json\/wp\/v2\/pages\/4776","targetHints":{"allow":["GET"]}}],"collection":[{"href":"https:\/\/oxilio.com\/fr\/wp-json\/wp\/v2\/pages"}],"about":[{"href":"https:\/\/oxilio.com\/fr\/wp-json\/wp\/v2\/types\/page"}],"author":[{"embeddable":true,"href":"https:\/\/oxilio.com\/fr\/wp-json\/wp\/v2\/users\/2"}],"replies":[{"embeddable":true,"href":"https:\/\/oxilio.com\/fr\/wp-json\/wp\/v2\/comments?post=4776"}],"version-history":[{"count":5,"href":"https:\/\/oxilio.com\/fr\/wp-json\/wp\/v2\/pages\/4776\/revisions"}],"predecessor-version":[{"id":5477,"href":"https:\/\/oxilio.com\/fr\/wp-json\/wp\/v2\/pages\/4776\/revisions\/5477"}],"wp:attachment":[{"href":"https:\/\/oxilio.com\/fr\/wp-json\/wp\/v2\/media?parent=4776"}],"curies":[{"name":"wp","href":"https:\/\/api.w.org\/{rel}","templated":true}]}}