{"id":56,"date":"2024-07-23T13:46:39","date_gmt":"2024-07-23T17:46:39","guid":{"rendered":"https:\/\/oxilio.com\/?page_id=56"},"modified":"2025-06-02T11:46:49","modified_gmt":"2025-06-02T15:46:49","slug":"politique-de-confidentialite","status":"publish","type":"page","link":"https:\/\/oxilio.com\/fr\/politique-de-confidentialite\/","title":{"rendered":"Politique de confidentialit\u00e9"},"content":{"rendered":"\t\t<div data-elementor-type=\"wp-page\" data-elementor-id=\"56\" class=\"elementor elementor-56 elementor-3\" data-elementor-post-type=\"page\">\n\t\t\t\t<div class=\"elementor-element elementor-element-f0592de e-con-full e-flex e-con e-parent\" data-id=\"f0592de\" data-element_type=\"container\" data-e-type=\"container\" data-settings=\"{&quot;background_background&quot;:&quot;classic&quot;}\">\n\t\t<div class=\"elementor-element elementor-element-2e5183b ssn-section ssn-hero e-con-full e-flex elementor-invisible e-con e-child\" data-id=\"2e5183b\" data-element_type=\"container\" data-e-type=\"container\" data-settings=\"{&quot;background_background&quot;:&quot;gradient&quot;,&quot;background_motion_fx_motion_fx_scrolling&quot;:&quot;yes&quot;,&quot;background_motion_fx_scale_effect&quot;:&quot;yes&quot;,&quot;background_motion_fx_scale_speed&quot;:{&quot;unit&quot;:&quot;px&quot;,&quot;size&quot;:1,&quot;sizes&quot;:[]},&quot;animation&quot;:&quot;fadeIn&quot;,&quot;background_motion_fx_scale_direction&quot;:&quot;out-in&quot;,&quot;background_motion_fx_scale_range&quot;:{&quot;unit&quot;:&quot;%&quot;,&quot;size&quot;:&quot;&quot;,&quot;sizes&quot;:{&quot;start&quot;:20,&quot;end&quot;:80}},&quot;background_motion_fx_devices&quot;:[&quot;widescreen&quot;,&quot;desktop&quot;,&quot;laptop&quot;,&quot;tablet_extra&quot;,&quot;tablet&quot;,&quot;mobile&quot;]}\">\n\t\t<div class=\"elementor-element elementor-element-26fc39f animated-fast e-flex e-con-boxed elementor-invisible e-con e-child\" data-id=\"26fc39f\" data-element_type=\"container\" data-e-type=\"container\" data-settings=\"{&quot;motion_fx_motion_fx_scrolling&quot;:&quot;yes&quot;,&quot;motion_fx_translateY_effect&quot;:&quot;yes&quot;,&quot;motion_fx_translateY_speed&quot;:{&quot;unit&quot;:&quot;px&quot;,&quot;size&quot;:1.2,&quot;sizes&quot;:[]},&quot;animation&quot;:&quot;fadeIn&quot;,&quot;motion_fx_translateY_affectedRange&quot;:{&quot;unit&quot;:&quot;%&quot;,&quot;size&quot;:&quot;&quot;,&quot;sizes&quot;:{&quot;start&quot;:0,&quot;end&quot;:100}},&quot;motion_fx_devices&quot;:[&quot;widescreen&quot;,&quot;desktop&quot;,&quot;laptop&quot;,&quot;tablet_extra&quot;,&quot;tablet&quot;,&quot;mobile&quot;]}\">\n\t\t\t\t\t<div class=\"e-con-inner\">\n\t\t\t\t<div class=\"elementor-element elementor-element-f5dac8e elementor-widget elementor-widget-breadcrumbs\" data-id=\"f5dac8e\" data-element_type=\"widget\" data-e-type=\"widget\" data-widget_type=\"breadcrumbs.default\">\n\t\t\t\t<div class=\"elementor-widget-container\">\n\t\t\t\t\t<p id=\"breadcrumbs\"><span><span><a href=\"https:\/\/oxilio.com\/fr\/\">Accueil<\/a><\/span><\/span><\/p>\t\t\t\t<\/div>\n\t\t\t\t<\/div>\n\t\t\t\t\t<\/div>\n\t\t\t\t<\/div>\n\t\t<div class=\"elementor-element elementor-element-f0cf8bf e-flex e-con-boxed e-con e-child\" data-id=\"f0cf8bf\" data-element_type=\"container\" data-e-type=\"container\" data-settings=\"{&quot;motion_fx_motion_fx_scrolling&quot;:&quot;yes&quot;,&quot;motion_fx_translateY_effect&quot;:&quot;yes&quot;,&quot;motion_fx_translateY_speed&quot;:{&quot;unit&quot;:&quot;px&quot;,&quot;size&quot;:1.2,&quot;sizes&quot;:[]},&quot;motion_fx_translateY_affectedRange&quot;:{&quot;unit&quot;:&quot;%&quot;,&quot;size&quot;:&quot;&quot;,&quot;sizes&quot;:{&quot;start&quot;:0,&quot;end&quot;:100}},&quot;motion_fx_devices&quot;:[&quot;widescreen&quot;,&quot;desktop&quot;,&quot;laptop&quot;,&quot;tablet_extra&quot;,&quot;tablet&quot;,&quot;mobile&quot;]}\">\n\t\t\t\t\t<div class=\"e-con-inner\">\n\t\t\t\t<div class=\"elementor-element elementor-element-6ae60eb animated-fast elementor-widget__width-initial elementor-invisible elementor-widget elementor-widget-heading\" data-id=\"6ae60eb\" data-element_type=\"widget\" data-e-type=\"widget\" data-settings=\"{&quot;_animation&quot;:&quot;fadeInUp&quot;,&quot;_animation_delay&quot;:150}\" data-widget_type=\"heading.default\">\n\t\t\t\t<div class=\"elementor-widget-container\">\n\t\t\t\t\t<h1 class=\"elementor-heading-title elementor-size-default\">Politique de confidentialit\u00e9<\/h1>\t\t\t\t<\/div>\n\t\t\t\t<\/div>\n\t\t\t\t\t<\/div>\n\t\t\t\t<\/div>\n\t\t\t\t<\/div>\n\t\t\t\t<\/div>\n\t\t<div class=\"elementor-element elementor-element-d1c1bba e-con-full e-flex e-con e-parent\" data-id=\"d1c1bba\" data-element_type=\"container\" data-e-type=\"container\">\n\t\t<div class=\"elementor-element elementor-element-0c04184 e-flex e-con-boxed e-con e-child\" data-id=\"0c04184\" data-element_type=\"container\" data-e-type=\"container\">\n\t\t\t\t\t<div class=\"e-con-inner\">\n\t\t<div class=\"elementor-element elementor-element-ee7e6cf e-con-full e-flex e-con e-child\" data-id=\"ee7e6cf\" data-element_type=\"container\" data-e-type=\"container\">\n\t\t\t\t<div class=\"elementor-element elementor-element-ab6e6cd elementor-widget elementor-widget-heading\" data-id=\"ab6e6cd\" data-element_type=\"widget\" data-e-type=\"widget\" data-widget_type=\"heading.default\">\n\t\t\t\t<div class=\"elementor-widget-container\">\n\t\t\t\t\t<h2 class=\"elementor-heading-title elementor-size-default\">Solutions Oxilio inc. (\u00ab Oxilio\u00bb, \u00ab nous \u00bb, \u00ab notre \u00bb) prend \u00e0 c\u0153ur la protection de vos renseignements personnels.<\/h2>\t\t\t\t<\/div>\n\t\t\t\t<\/div>\n\t\t\t\t<div class=\"elementor-element elementor-element-44d49d5 elementor-widget elementor-widget-heading\" data-id=\"44d49d5\" data-element_type=\"widget\" data-e-type=\"widget\" data-widget_type=\"heading.default\">\n\t\t\t\t<div class=\"elementor-widget-container\">\n\t\t\t\t\t<span class=\"elementor-heading-title elementor-size-default\">Derni\u00e8re mise \u00e0 jour : 21 septembre 2023<\/span>\t\t\t\t<\/div>\n\t\t\t\t<\/div>\n\t\t\t\t<div class=\"elementor-element elementor-element-cbb2c0c elementor-widget elementor-widget-text-editor\" data-id=\"cbb2c0c\" data-element_type=\"widget\" data-e-type=\"widget\" data-widget_type=\"text-editor.default\">\n\t\t\t\t<div class=\"elementor-widget-container\">\n\t\t\t\t\t\t\t\t\t<p>Notre Politique de protection des renseignements personnels (la \u00ab Politique \u00bb) a pour but de vous expliquer comment nous recueillons, utilisons et communiquons vos renseignements personnels lorsque vous utilisez notre site Internet ou retenez nos services, et quels sont vos droits \u00e0 cet \u00e9gard.<\/p><p>Cette Politique ne s\u2019applique pas aux sites Internet de tiers, incluant ceux auxquels il est possible d\u2019acc\u00e9der en cliquant sur des liens qui pourraient se trouver sur notre site Internet. Nous ne sommes pas responsables \u00e0 l\u2019\u00e9gard de tels sites. Si vous consultez un site Internet de tiers, celui-ci disposera de ses propres politiques que nous vous invitons \u00e0 consulter avant de soumettre vos renseignements personnels, le cas \u00e9ch\u00e9ant.<\/p><p><strong>\u00a0<\/strong><\/p><p><strong>Qu\u2019est-ce qu\u2019un \u00ab renseignement personnel \u00bb ?<\/strong><\/p><p>De mani\u00e8re g\u00e9n\u00e9rale, l\u2019expression \u00ab renseignement personnel \u00bb d\u00e9signe tout renseignement sur un individu identifiable ou qui permet d\u2019identifier un individu. Il pourrait donc s\u2019agir de votre nom, adresse courriel ou date de naissance.<\/p><p>Toutefois, la notion de \u00ab renseignement personnel \u00bb ne comprend g\u00e9n\u00e9ralement pas vos coordonn\u00e9es d\u2019affaires, telles que votre titre, adresse professionnelle ou num\u00e9ro de t\u00e9l\u00e9phone.<\/p><p><strong>\u00a0<\/strong><\/p><p><strong>Quels renseignements personnels recueillons-nous ?<\/strong><\/p><p>Dans le cadre de vos interactions avec nous, nous pouvons recueillir certains de vos renseignements personnels suivants :<\/p><ul><li>Vos coordonn\u00e9es personnelles, telles que votre nom, adresse, courriel et num\u00e9ro de t\u00e9l\u00e9phone ;<\/li><li>Des renseignements que vous nous fournissez dans le cadre de notre prestation de services;<\/li><li>Des renseignements que vous nous fournissez lorsque vous vous abonnez pour recevoir des documents d\u2019informations, des mises \u00e0 jour ou des bulletins;<\/li><li>Des renseignements que vous nous fournissez dans le cadre d\u2019\u00e9v\u00e8nements;<\/li><li>Des renseignements relatifs au recrutement, tels que votre curriculum vitae.<\/li><\/ul><p>Dans tous les cas, nous nous effor\u00e7ons de limiter la quantit\u00e9 de renseignements personnels que nous recueillons \u00e0 ce qui est strictement n\u00e9cessaire aux fins d\u00e9crites dans la section \u00ab \u00c0 quelles fins utilisons-nous vos renseignements personnels? \u00bb. Nous ne recueillons pas sciemment de renseignements personnels aupr\u00e8s de personnes mineures.<\/p><p><strong>\u00a0<\/strong><\/p><p><strong>Recueillons-nous des renseignements lorsque vous naviguez sur notre site web?<\/strong><\/p><p>Lorsque vous naviguez sur notre site web, les renseignements suivants sont recueillis :<\/p><ul><li>Renseignements techniques : votre adresse IP, votre type de navigateur et sa version (par exemple, Internet Explorer, Firefox ou Safari), votre fuseau horaire, les types de modules d\u2019extension de vos navigateurs et leurs versions, le syst\u00e8me d\u2019exploitation (par exemple, Vista, Windows XP ou MacOS), le type d\u2019appareil et le mod\u00e8le du mat\u00e9riel que vous utilisez, votre adresse MAC, vos identificateurs uniques et des renseignements sur votre r\u00e9seau mobile];<\/li><li>Donn\u00e9es recueillies en ligne : des renseignements sur votre visite, y compris le parcours de navigation jusqu\u2019\u00e0 notre site Web, sur celui-ci et \u00e0 partir de celui-ci (y compris la date et l\u2019heure), des renseignements sur votre r\u00e9seau, comme des renseignements sur les appareils, les n\u0153uds, les configurations, les vitesses de connexion et le comportement des applications de r\u00e9seaux, les pages vous avez visionn\u00e9es ou que vous avez cherch\u00e9es, le temps de r\u00e9ponse des pages, les erreurs de t\u00e9l\u00e9chargement, la dur\u00e9e des visites et des renseignements sur les interactions avec les pages (tels que les d\u00e9filements, les clics et le contenu sur lequel la souris a \u00e9t\u00e9 point\u00e9e) et si vous avez cliqu\u00e9 sur des liens en particulier ou ouvert nos courriels].<\/li><\/ul><p>Nous utilisons \u00e9galement Google Analytics, afin de recueillir de l\u2019information concernant votre utilisation de notre site Internet (par exemple, les pages que vous consultez le plus souvent, et les messages d\u2019erreur que vous pourriez recevoir). Ces renseignements sont anonymes et nous les utilisons uniquement afin d\u2019am\u00e9liorer l\u2019efficacit\u00e9 et le fonctionnement de notre site Internet.<\/p><p><strong>\u00a0<\/strong><\/p><p><strong>Comment recueillons-nous vos renseignements personnels ?<\/strong><\/p><p>Dans la mesure du possible, nous obtiendrons vos renseignements personnels directement aupr\u00e8s de vous avec votre consentement, lorsque vous interagissez avec nous (par exemple, lorsque vous nous contactez pour obtenir des services technologiques, remplissez un formulaire sur notre site Internet ou r\u00e9pondez \u00e0 une offre d\u2019emploi). Il est toutefois possible que nous recueillions vos renseignements personnels aupr\u00e8s de tiers lorsque vous y avez consenti, ou lorsque la loi nous le permet.<\/p><p><strong>\u00a0<\/strong><\/p><p><strong>C<\/strong><strong style=\"text-align: var(--text-align); background-color: var( --e-global-color-secondary ); color: var( --e-global-color-text ); font-family: var( --e-global-typography-text-font-family ), system-ui, -apple-system, BlinkMacSystemFont, 'Helvetica Neue', Helvetica, Arial, sans-serif; font-size: var( --e-global-typography-text-font-size ); letter-spacing: var( --e-global-typography-text-letter-spacing );\">omment obtenons-nous votre consentement ?<\/strong><\/p><p>En communiquant avec nous, en nous fournissant volontairement vos renseignements personnels, ou en naviguant sur notre site Internet, vous consentez \u00e0 la collecte, l\u2019utilisation et la communication de vos renseignements personnels conform\u00e9ment \u00e0 cette Politique. Si vous nous fournissez les renseignements personnels d\u2019un tiers, vous d\u00e9clarez d\u00e9tenir le consentement ou le pouvoir n\u00e9cessaire pour nous permettre de recueillir, utiliser et communiquer ces renseignements conform\u00e9ment \u00e0 cette Politique.<\/p><p>Sous r\u00e9serve de certaines restrictions juridiques ou contractuelles, vous pouvez retirer votre consentement en tout temps en contactant Jean-Fran\u00e7ois Pharand, notre Responsable de la protection des renseignements personnels, aux coordonn\u00e9es suivantes :<\/p><p>Adresse : 1550 rue Amp\u00e8re, bureau 301, J4B 7L4<br \/>Courriel : jfpharand@oxilio.com<br \/>T\u00e9l\u00e9phone : 514 871-4721, poste 224<\/p><p><strong>\u00a0<\/strong><\/p><p><strong>\u00c0 quelles fins utilisons-nous vos renseignements personnels ?<\/strong><\/p><p>De mani\u00e8re g\u00e9n\u00e9rale, nous utilisons vos renseignements personnels aux fins suivantes :<\/p><ul><li>Vous fournir des services technologiques et autres services connexes (par exemple, des formations) ;<\/li><li>Cr\u00e9er, maintenir et am\u00e9liorer nos relations d\u2019affaires avec vous ;<\/li><li>Recruter du personnel;<\/li><li>Veiller au respect de nos obligations juridiques et r\u00e9glementaires ;<\/li><li>Veiller \u00e0 la bonne conduite de nos affaires, incluant la facturation et la gestion de nos dossiers ;<\/li><li>Toute autre fin qui est autoris\u00e9e par la loi ou \u00e0 laquelle vous consentez.<\/li><\/ul><div>\u00a0<\/div><p><strong>Pendant combien de temps conservons-nous vos renseignements personnels ?<\/strong><\/p><p>Nous conservons vos renseignements personnels seulement pour la dur\u00e9e n\u00e9cessaire aux fins pr\u00e9vues dans la pr\u00e9sente Politique et pour nous conformer \u00e0 nos obligations juridiques, d\u00e9ontologiques et r\u00e9glementaires. Apr\u00e8s ce d\u00e9lai, vos renseignements personnels seront d\u00e9truits de fa\u00e7on s\u00e9curitaire.<\/p><p><strong>\u00a0<\/strong><\/p><p><strong>Quel est le processus de destruction des renseignements personnels?<\/strong><\/p><p>Lorsque les fins pour lesquelles un renseignement personnel a \u00e9t\u00e9 recueilli ou utilis\u00e9 sont accomplies, Solutions Oxilio inc. le d\u00e9truira de fa\u00e7on s\u00e9curitaire. Cette obligation s\u2019applique, peu importe le type de support (papier ou num\u00e9rique) tant aux documents originaux qu\u2019\u00e0 toutes les copies de ceux-ci.<\/p><p>Solutions Oxilio Inc prendra les mesures de s\u00e9curit\u00e9 propre \u00e0 assurer la protection des renseignements personnels lors de leurs destructions. De plus, ces mesures s\u2019appliquent \u00e0 tous les lieux de conservation des documents de Solutions Oxilio inc. ainsi qu\u2019\u00e0 tout type de support (papier ou num\u00e9rique). Les m\u00e9thodes de destruction varieront en fonction du support utilis\u00e9.<\/p><p><strong>\u00a0<\/strong><\/p><p><strong>Comment prot\u00e9geons-nous la confidentialit\u00e9 de vos renseignements personnels ?<\/strong><\/p><p>Les renseignements personnels que nous recueillons sont conserv\u00e9s de mani\u00e8re confidentielle conform\u00e9ment \u00e0 la l\u00e9gislation applicable. En outre, si vous choisissez de nous transmettre des renseignements personnels par courriel ou par le biais d\u2019un formulaire disponible sur notre site Internet, nous utiliserons uniquement l\u2019information requise pour r\u00e9pondre \u00e0 votre message et permettre d\u2019y donner suite, en nous assurant d\u2019en pr\u00e9server la confidentialit\u00e9.<\/p><p>Nous prenons \u00e9galement des mesures administratives, techniques et physiques raisonnables afin de prot\u00e9ger vos renseignements personnels contre leur perte, vol, acc\u00e8s ou utilisation non autoris\u00e9s. Par exemple, nous veillons \u00e0 restreindre l\u2019acc\u00e8s \u00e0 nos bureaux et \u00e0 nos \u00e9quipements informatiques, en plus de sensibiliser notre personnel \u00e0 la s\u00e9curit\u00e9 et \u00e0 la confidentialit\u00e9 des renseignements personnels auxquels ils ont acc\u00e8s.<\/p><p><strong>\u00a0<\/strong><\/p><p><strong>Comment nous joindre ?<\/strong><\/p><p>Si vous souhaitez en savoir plus sur la protection de vos renseignements personnels ou souhaitez faire une plainte, veuillez communiquer avec Jean-Fran\u00e7ois Pharand, notre Responsable de la protection des renseignements personnels, aux coordonn\u00e9es suivantes :<\/p><p>Adresse : 1550 rue Amp\u00e8re, bureau 301, J4B 7L4<br \/>Courriel : jfpharand@oxilio.com<br \/>T\u00e9l\u00e9phone : 514 871-4721, poste 224<\/p><p><strong>\u00a0<\/strong><\/p><p><strong>Comment mettons-nous \u00e0 jour notre Politique ?<\/strong><\/p><p>Notre Politique peut \u00eatre mise \u00e0 jour de temps \u00e0 autre, afin de refl\u00e9ter des changements l\u00e9gislatifs ou op\u00e9rationnels au sein de Solutions Oxilio inc.. Quoique des avis de mise \u00e0 jour puissent \u00eatre utilis\u00e9s, l\u2019affichage de la Politique r\u00e9vis\u00e9e sera r\u00e9put\u00e9 constituer un avis suffisant.<\/p><p>Le fait de continuer \u00e0 utiliser notre site Internet ou nos services constitue une acceptation de votre part de cette Politique et de toute mise \u00e0 jour.<\/p>\t\t\t\t\t\t\t\t<\/div>\n\t\t\t\t<\/div>\n\t\t\t\t<\/div>\n\t\t\t\t\t<\/div>\n\t\t\t\t<\/div>\n\t\t\t\t<\/div>\n\t\t\t\t<\/div>\n\t\t","protected":false},"excerpt":{"rendered":"<p>Solutions Oxilio inc. (\u00ab Oxilio\u00bb, \u00ab nous \u00bb, \u00ab notre \u00bb) prend \u00e0 c\u0153ur la protection de vos renseignements personnels. Derni\u00e8re mise \u00e0 jour : 21 septembre 2023 Notre Politique de protection des renseignements personnels (la \u00ab Politique \u00bb) a pour but de vous expliquer comment nous recueillons, utilisons et communiquons vos renseignements personnels lorsque [&hellip;]<\/p>\n","protected":false},"author":2,"featured_media":0,"parent":0,"menu_order":16,"comment_status":"closed","ping_status":"closed","template":"","meta":{"_acf_changed":false,"footnotes":""},"class_list":["post-56","page","type-page","status-publish","hentry"],"acf":[],"yoast_head":"<!-- This site is optimized with the Yoast SEO plugin v27.4 - https:\/\/yoast.com\/product\/yoast-seo-wordpress\/ -->\n<title>Politique de confidentialit\u00e9 | Oxilio<\/title>\n<meta name=\"description\" content=\"Consultez notre politique de confidentialit\u00e9 pour comprendre comment Oxilio recueille, utilise et prot\u00e8ge vos renseignements personnels.\" \/>\n<meta name=\"robots\" content=\"index, follow, max-snippet:-1, max-image-preview:large, max-video-preview:-1\" \/>\n<link rel=\"canonical\" href=\"https:\/\/oxilio.com\/fr\/politique-de-confidentialite\/\" \/>\n<meta property=\"og:locale\" content=\"fr_CA\" \/>\n<meta property=\"og:type\" content=\"article\" \/>\n<meta property=\"og:title\" content=\"Politique de confidentialit\u00e9 | Oxilio\" \/>\n<meta property=\"og:description\" content=\"Consultez notre politique de confidentialit\u00e9 pour comprendre comment Oxilio recueille, utilise et prot\u00e8ge vos renseignements personnels.\" \/>\n<meta property=\"og:url\" content=\"https:\/\/oxilio.com\/fr\/politique-de-confidentialite\/\" \/>\n<meta property=\"og:site_name\" content=\"Oxilio\" \/>\n<meta property=\"article:modified_time\" content=\"2025-06-02T15:46:49+00:00\" \/>\n<meta name=\"twitter:card\" content=\"summary_large_image\" \/>\n<meta name=\"twitter:site\" content=\"@oxilio\" \/>\n<script type=\"application\/ld+json\" class=\"yoast-schema-graph\">{\"@context\":\"https:\\\/\\\/schema.org\",\"@graph\":[{\"@type\":\"WebPage\",\"@id\":\"https:\\\/\\\/oxilio.com\\\/fr\\\/politique-de-confidentialite\\\/\",\"url\":\"https:\\\/\\\/oxilio.com\\\/fr\\\/politique-de-confidentialite\\\/\",\"name\":\"Politique de confidentialit\u00e9 | Oxilio\",\"isPartOf\":{\"@id\":\"https:\\\/\\\/oxilio.com\\\/fr\\\/#website\"},\"datePublished\":\"2024-07-23T17:46:39+00:00\",\"dateModified\":\"2025-06-02T15:46:49+00:00\",\"description\":\"Consultez notre politique de confidentialit\u00e9 pour comprendre comment Oxilio recueille, utilise et prot\u00e8ge vos renseignements personnels.\",\"breadcrumb\":{\"@id\":\"https:\\\/\\\/oxilio.com\\\/fr\\\/politique-de-confidentialite\\\/#breadcrumb\"},\"inLanguage\":\"fr-CA\",\"potentialAction\":[{\"@type\":\"ReadAction\",\"target\":[\"https:\\\/\\\/oxilio.com\\\/fr\\\/politique-de-confidentialite\\\/\"]}]},{\"@type\":\"BreadcrumbList\",\"@id\":\"https:\\\/\\\/oxilio.com\\\/fr\\\/politique-de-confidentialite\\\/#breadcrumb\",\"itemListElement\":[{\"@type\":\"ListItem\",\"position\":1,\"name\":\"Accueil\",\"item\":\"https:\\\/\\\/oxilio.com\\\/fr\\\/\"},{\"@type\":\"ListItem\",\"position\":2,\"name\":\"Politique de confidentialit\u00e9\"}]},{\"@type\":\"WebSite\",\"@id\":\"https:\\\/\\\/oxilio.com\\\/fr\\\/#website\",\"url\":\"https:\\\/\\\/oxilio.com\\\/fr\\\/\",\"name\":\"Oxilio\",\"description\":\"Experts en solutions cloud et enregistrement pour la conformit\u00e9\",\"publisher\":{\"@id\":\"https:\\\/\\\/oxilio.com\\\/fr\\\/#organization\"},\"potentialAction\":[{\"@type\":\"SearchAction\",\"target\":{\"@type\":\"EntryPoint\",\"urlTemplate\":\"https:\\\/\\\/oxilio.com\\\/fr\\\/?s={search_term_string}\"},\"query-input\":{\"@type\":\"PropertyValueSpecification\",\"valueRequired\":true,\"valueName\":\"search_term_string\"}}],\"inLanguage\":\"fr-CA\"},{\"@type\":\"Organization\",\"@id\":\"https:\\\/\\\/oxilio.com\\\/fr\\\/#organization\",\"name\":\"Oxilio\",\"url\":\"https:\\\/\\\/oxilio.com\\\/fr\\\/\",\"logo\":{\"@type\":\"ImageObject\",\"inLanguage\":\"fr-CA\",\"@id\":\"https:\\\/\\\/oxilio.com\\\/fr\\\/#\\\/schema\\\/logo\\\/image\\\/\",\"url\":\"https:\\\/\\\/oxilio.com\\\/wp-content\\\/uploads\\\/2024\\\/07\\\/logo-oxilio.svg\",\"contentUrl\":\"https:\\\/\\\/oxilio.com\\\/wp-content\\\/uploads\\\/2024\\\/07\\\/logo-oxilio.svg\",\"width\":135,\"height\":48,\"caption\":\"Oxilio\"},\"image\":{\"@id\":\"https:\\\/\\\/oxilio.com\\\/fr\\\/#\\\/schema\\\/logo\\\/image\\\/\"},\"sameAs\":[\"https:\\\/\\\/x.com\\\/oxilio\",\"https:\\\/\\\/www.linkedin.com\\\/company\\\/solutions-oxilio\\\/\"]}]}<\/script>\n<!-- \/ Yoast SEO plugin. -->","yoast_head_json":{"title":"Politique de confidentialit\u00e9 | Oxilio","description":"Consultez notre politique de confidentialit\u00e9 pour comprendre comment Oxilio recueille, utilise et prot\u00e8ge vos renseignements personnels.","robots":{"index":"index","follow":"follow","max-snippet":"max-snippet:-1","max-image-preview":"max-image-preview:large","max-video-preview":"max-video-preview:-1"},"canonical":"https:\/\/oxilio.com\/fr\/politique-de-confidentialite\/","og_locale":"fr_CA","og_type":"article","og_title":"Politique de confidentialit\u00e9 | Oxilio","og_description":"Consultez notre politique de confidentialit\u00e9 pour comprendre comment Oxilio recueille, utilise et prot\u00e8ge vos renseignements personnels.","og_url":"https:\/\/oxilio.com\/fr\/politique-de-confidentialite\/","og_site_name":"Oxilio","article_modified_time":"2025-06-02T15:46:49+00:00","twitter_card":"summary_large_image","twitter_site":"@oxilio","schema":{"@context":"https:\/\/schema.org","@graph":[{"@type":"WebPage","@id":"https:\/\/oxilio.com\/fr\/politique-de-confidentialite\/","url":"https:\/\/oxilio.com\/fr\/politique-de-confidentialite\/","name":"Politique de confidentialit\u00e9 | Oxilio","isPartOf":{"@id":"https:\/\/oxilio.com\/fr\/#website"},"datePublished":"2024-07-23T17:46:39+00:00","dateModified":"2025-06-02T15:46:49+00:00","description":"Consultez notre politique de confidentialit\u00e9 pour comprendre comment Oxilio recueille, utilise et prot\u00e8ge vos renseignements personnels.","breadcrumb":{"@id":"https:\/\/oxilio.com\/fr\/politique-de-confidentialite\/#breadcrumb"},"inLanguage":"fr-CA","potentialAction":[{"@type":"ReadAction","target":["https:\/\/oxilio.com\/fr\/politique-de-confidentialite\/"]}]},{"@type":"BreadcrumbList","@id":"https:\/\/oxilio.com\/fr\/politique-de-confidentialite\/#breadcrumb","itemListElement":[{"@type":"ListItem","position":1,"name":"Accueil","item":"https:\/\/oxilio.com\/fr\/"},{"@type":"ListItem","position":2,"name":"Politique de confidentialit\u00e9"}]},{"@type":"WebSite","@id":"https:\/\/oxilio.com\/fr\/#website","url":"https:\/\/oxilio.com\/fr\/","name":"Oxilio","description":"Experts en solutions cloud et enregistrement pour la conformit\u00e9","publisher":{"@id":"https:\/\/oxilio.com\/fr\/#organization"},"potentialAction":[{"@type":"SearchAction","target":{"@type":"EntryPoint","urlTemplate":"https:\/\/oxilio.com\/fr\/?s={search_term_string}"},"query-input":{"@type":"PropertyValueSpecification","valueRequired":true,"valueName":"search_term_string"}}],"inLanguage":"fr-CA"},{"@type":"Organization","@id":"https:\/\/oxilio.com\/fr\/#organization","name":"Oxilio","url":"https:\/\/oxilio.com\/fr\/","logo":{"@type":"ImageObject","inLanguage":"fr-CA","@id":"https:\/\/oxilio.com\/fr\/#\/schema\/logo\/image\/","url":"https:\/\/oxilio.com\/wp-content\/uploads\/2024\/07\/logo-oxilio.svg","contentUrl":"https:\/\/oxilio.com\/wp-content\/uploads\/2024\/07\/logo-oxilio.svg","width":135,"height":48,"caption":"Oxilio"},"image":{"@id":"https:\/\/oxilio.com\/fr\/#\/schema\/logo\/image\/"},"sameAs":["https:\/\/x.com\/oxilio","https:\/\/www.linkedin.com\/company\/solutions-oxilio\/"]}]}},"_links":{"self":[{"href":"https:\/\/oxilio.com\/fr\/wp-json\/wp\/v2\/pages\/56","targetHints":{"allow":["GET"]}}],"collection":[{"href":"https:\/\/oxilio.com\/fr\/wp-json\/wp\/v2\/pages"}],"about":[{"href":"https:\/\/oxilio.com\/fr\/wp-json\/wp\/v2\/types\/page"}],"author":[{"embeddable":true,"href":"https:\/\/oxilio.com\/fr\/wp-json\/wp\/v2\/users\/2"}],"replies":[{"embeddable":true,"href":"https:\/\/oxilio.com\/fr\/wp-json\/wp\/v2\/comments?post=56"}],"version-history":[{"count":5,"href":"https:\/\/oxilio.com\/fr\/wp-json\/wp\/v2\/pages\/56\/revisions"}],"predecessor-version":[{"id":5448,"href":"https:\/\/oxilio.com\/fr\/wp-json\/wp\/v2\/pages\/56\/revisions\/5448"}],"wp:attachment":[{"href":"https:\/\/oxilio.com\/fr\/wp-json\/wp\/v2\/media?parent=56"}],"curies":[{"name":"wp","href":"https:\/\/api.w.org\/{rel}","templated":true}]}}